{"id":87,"date":"2018-03-29T16:40:14","date_gmt":"2018-03-29T15:40:14","guid":{"rendered":"http:\/\/sktabor.orlicemb.cz\/subdom\/sktabor\/?page_id=87"},"modified":"2025-06-05T17:44:56","modified_gmt":"2025-06-05T16:44:56","slug":"pro-taborniky","status":"publish","type":"page","link":"https:\/\/sktabor.orlicemb.cz\/subdom\/sktabor\/pro-taborniky\/","title":{"rendered":"Pro t\u00e1born\u00edky"},"content":{"rendered":"\n<h1 class=\"wp-block-heading\">Pozv\u00e1nka<\/h1>\n\n\n\n<p>Ahoj skauti a skautky!<\/p>\n\n\n\n<p>Za chv\u00edli n\u00e1s \u010dekaj\u00ed letn\u00ed pr\u00e1zdniny a skautsk\u00fd t\u00e1bor, na kter\u00fd v\u00e1s srde\u010dn\u011b zveme. T\u00e1bor se bude konat <strong>28. 6. \u2013 12. 7. 2025<\/strong> na <a href=\"https:\/\/mapy.cz\/s\/kenomejuna\" data-type=\"link\" data-id=\"https:\/\/mapy.cz\/s\/kenomejuna\">t\u00e1bo\u0159i\u0161ti u rybn\u00edka Walden<\/a> nedaleko Star\u00e9ho M\u011bsta pod Land\u0161tejnem. Na t\u00e1bor spole\u010dn\u011b pojedou skauti z <a href=\"https:\/\/hvezda.orlicemb.cz\/subdom\/hvezda\/\" data-type=\"link\" data-id=\"https:\/\/hvezda.orlicemb.cz\/subdom\/hvezda\/\">5. odd\u00edlu Hv\u011bzda<\/a> a skautky ze <a href=\"https:\/\/slunecnice.orlicemb.cz\/\" data-type=\"link\" data-id=\"https:\/\/slunecnice.orlicemb.cz\/\">4. odd\u00edlu Slune\u010dnice<\/a> spole\u010dn\u011b se sv\u00fdmi vedouc\u00edmi.&nbsp;I letos se m\u00e1te na co t\u011b\u0161it: super program, prost\u0159ed\u00ed a p\u0159\u00edroda \u010cesk\u00e9 Kanady, vedouc\u00ed a kamar\u00e1di. <\/p>\n\n\n\n<p>P\u0159ihl\u00e1\u0161ku naleznete n\u00ed\u017ee, stejn\u011b jako vzor posudku o zdravotn\u00ed zp\u016fsobilosti, kter\u00fd m\u00e1 platnost 2 roky. Bezprost\u0159edn\u011b p\u0159ed t\u00e1borem tu tak\u00e9 najdete potvrzen\u00ed o bezinfek\u010dnosti, kter\u00e9 v\u00e1m dod\u00e1me k vypln\u011bn\u00ed spole\u010dn\u011b se seznamem vybaven\u00ed a bli\u017e\u0161\u00edmi informacemi o t\u00e1bo\u0159e. P\u0159ihl\u00e1\u0161ku spole\u010dn\u011b s posudkem pros\u00edm dodejte do <strong>25. 5. 2025<\/strong> vedouc\u00edm odd\u00edlu.<\/p>\n\n\n\n<figure class=\"wp-block-image size-large\"><a href=\"http:\/\/sktabor.orlicemb.cz\/subdom\/sktabor\/wp-content\/uploads\/2021\/04\/Tabor2020-60-scaled.jpg\"><img loading=\"lazy\" decoding=\"async\" width=\"1024\" height=\"576\" src=\"http:\/\/sktabor.orlicemb.cz\/subdom\/sktabor\/wp-content\/uploads\/2021\/04\/Tabor2020-60-1024x576.jpg\" alt=\"\" class=\"wp-image-237\" srcset=\"https:\/\/sktabor.orlicemb.cz\/subdom\/sktabor\/wp-content\/uploads\/2021\/04\/Tabor2020-60-1024x576.jpg 1024w, https:\/\/sktabor.orlicemb.cz\/subdom\/sktabor\/wp-content\/uploads\/2021\/04\/Tabor2020-60-300x169.jpg 300w, https:\/\/sktabor.orlicemb.cz\/subdom\/sktabor\/wp-content\/uploads\/2021\/04\/Tabor2020-60-768x432.jpg 768w, https:\/\/sktabor.orlicemb.cz\/subdom\/sktabor\/wp-content\/uploads\/2021\/04\/Tabor2020-60-1536x864.jpg 1536w, https:\/\/sktabor.orlicemb.cz\/subdom\/sktabor\/wp-content\/uploads\/2021\/04\/Tabor2020-60-2048x1152.jpg 2048w\" sizes=\"auto, (max-width: 706px) 89vw, (max-width: 767px) 82vw, 740px\" \/><\/a><\/figure>\n\n\n\n<h1 class=\"wp-block-heading\"><strong>P\u0159ihl\u00e1\u0161ka a l\u00e9ka\u0159sk\u00fd posudek<\/strong><\/h1>\n\n\n\n<p>P\u0159ihl\u00e1\u0161ku i posudek o zdravotn\u00ed zp\u016fsobilosti d\u00edt\u011bte naleznete ke sta\u017een\u00ed n\u00ed\u017ee. Oboj\u00ed odevzdejte spole\u010dn\u011b do 25. kv\u011btna vedouc\u00edm&nbsp; sv\u00fdch odd\u00edl\u016f.<\/p>\n\n\n\n<div class=\"wp-block-file\"><a id=\"wp-block-file--media-9b57af82-9e5e-4fa2-a9f7-c757ea87b6ba\" href=\"http:\/\/sktabor.orlicemb.cz\/subdom\/sktabor\/wp-content\/uploads\/2025\/04\/Prihlaska-tabor-2025.pdf\">P\u0159ihl\u00e1\u0161ka na t\u00e1bor 2025<\/a><a href=\"http:\/\/sktabor.orlicemb.cz\/subdom\/sktabor\/wp-content\/uploads\/2025\/04\/Prihlaska-tabor-2025.pdf\" class=\"wp-block-file__button wp-element-button\" download aria-describedby=\"wp-block-file--media-9b57af82-9e5e-4fa2-a9f7-c757ea87b6ba\">St\u00e1hnout<\/a><\/div>\n\n\n\n<div class=\"wp-block-file\"><a id=\"wp-block-file--media-9b57af82-9e5e-4fa2-a9f7-c757ea87b6ba\" href=\"http:\/\/sktabor.orlicemb.cz\/subdom\/sktabor\/wp-content\/uploads\/2021\/04\/Posudek_zdravotni_zpusobilosti_vzor.pdf\">Posudek o zdravotn\u00ed zp\u016fsobilosti<\/a><a href=\"http:\/\/sktabor.orlicemb.cz\/subdom\/sktabor\/wp-content\/uploads\/2021\/04\/Posudek_zdravotni_zpusobilosti_vzor.pdf\" class=\"wp-block-file__button wp-element-button\" download aria-describedby=\"wp-block-file--media-9b57af82-9e5e-4fa2-a9f7-c757ea87b6ba\">St\u00e1hnout<\/a><\/div>\n\n\n\n<h1 class=\"wp-block-heading\"><strong>Seznam v\u011bc\u00ed na t\u00e1bor a bezinfek\u010dnost<\/strong><\/h1>\n\n\n\n<div class=\"wp-block-file\"><a id=\"wp-block-file--media-9b57af82-9e5e-4fa2-a9f7-c757ea87b6ba\" href=\"http:\/\/sktabor.orlicemb.cz\/subdom\/sktabor\/wp-content\/uploads\/2025\/06\/Seznam_veci_na_tabor_2025.pdf\">Seznam v\u011bc\u00ed a informace k t\u00e1boru<\/a><a href=\"http:\/\/sktabor.orlicemb.cz\/subdom\/sktabor\/wp-content\/uploads\/2025\/06\/Seznam_veci_na_tabor_2025.pdf\" class=\"wp-block-file__button wp-element-button\" download aria-describedby=\"wp-block-file--media-9b57af82-9e5e-4fa2-a9f7-c757ea87b6ba\">St\u00e1hnout<\/a><\/div>\n\n\n\n<div class=\"wp-block-file\"><a id=\"wp-block-file--media-9b57af82-9e5e-4fa2-a9f7-c757ea87b6ba\" href=\"http:\/\/sktabor.orlicemb.cz\/subdom\/sktabor\/wp-content\/uploads\/2023\/06\/Prohlaseni_o_bezinfekcnosti_2023.pdf\">Prohl\u00e1\u0161en\u00ed o bezinfek\u010dnosti<\/a><a href=\"http:\/\/sktabor.orlicemb.cz\/subdom\/sktabor\/wp-content\/uploads\/2023\/06\/Prohlaseni_o_bezinfekcnosti_2023.pdf\" class=\"wp-block-file__button wp-element-button\" download aria-describedby=\"wp-block-file--media-9b57af82-9e5e-4fa2-a9f7-c757ea87b6ba\">St\u00e1hnout<\/a><\/div>\n","protected":false},"excerpt":{"rendered":"<p>Pozv\u00e1nka Ahoj skauti a skautky! Za chv\u00edli n\u00e1s \u010dekaj\u00ed letn\u00ed pr\u00e1zdniny a skautsk\u00fd t\u00e1bor, na kter\u00fd v\u00e1s srde\u010dn\u011b zveme. T\u00e1bor se bude konat 28. 6. \u2013 12. 7. 2025 na t\u00e1bo\u0159i\u0161ti u rybn\u00edka Walden nedaleko Star\u00e9ho M\u011bsta pod Land\u0161tejnem. Na t\u00e1bor spole\u010dn\u011b pojedou skauti z 5. odd\u00edlu Hv\u011bzda a skautky ze 4. odd\u00edlu Slune\u010dnice spole\u010dn\u011b &hellip; <\/p>\n<p class=\"link-more\"><a href=\"https:\/\/sktabor.orlicemb.cz\/subdom\/sktabor\/pro-taborniky\/\" class=\"more-link\">Pokra\u010dovat ve \u010dten\u00ed<span class=\"screen-reader-text\"> &#8222;Pro t\u00e1born\u00edky&#8220;<\/span><\/a><\/p>\n","protected":false},"author":1,"featured_media":0,"parent":0,"menu_order":0,"comment_status":"closed","ping_status":"closed","template":"","meta":{"footnotes":""},"class_list":["post-87","page","type-page","status-publish","hentry"],"_links":{"self":[{"href":"https:\/\/sktabor.orlicemb.cz\/subdom\/sktabor\/wp-json\/wp\/v2\/pages\/87","targetHints":{"allow":["GET"]}}],"collection":[{"href":"https:\/\/sktabor.orlicemb.cz\/subdom\/sktabor\/wp-json\/wp\/v2\/pages"}],"about":[{"href":"https:\/\/sktabor.orlicemb.cz\/subdom\/sktabor\/wp-json\/wp\/v2\/types\/page"}],"author":[{"embeddable":true,"href":"https:\/\/sktabor.orlicemb.cz\/subdom\/sktabor\/wp-json\/wp\/v2\/users\/1"}],"replies":[{"embeddable":true,"href":"https:\/\/sktabor.orlicemb.cz\/subdom\/sktabor\/wp-json\/wp\/v2\/comments?post=87"}],"version-history":[{"count":45,"href":"https:\/\/sktabor.orlicemb.cz\/subdom\/sktabor\/wp-json\/wp\/v2\/pages\/87\/revisions"}],"predecessor-version":[{"id":383,"href":"https:\/\/sktabor.orlicemb.cz\/subdom\/sktabor\/wp-json\/wp\/v2\/pages\/87\/revisions\/383"}],"wp:attachment":[{"href":"https:\/\/sktabor.orlicemb.cz\/subdom\/sktabor\/wp-json\/wp\/v2\/media?parent=87"}],"curies":[{"name":"wp","href":"https:\/\/api.w.org\/{rel}","templated":true}]}}